{"id":109,"date":"2014-04-14T09:32:03","date_gmt":"2014-04-14T12:32:03","guid":{"rendered":"http:\/\/sindesvdf.com.br\/news\/?page_id=109"},"modified":"2022-06-22T08:53:30","modified_gmt":"2022-06-22T11:53:30","slug":"clube-sindesv-df","status":"publish","type":"page","link":"https:\/\/sindesvdf.com.br\/news\/clube-sindesv-df\/","title":{"rendered":"\u00c1rea de Lazer dos Vigilantes do DF"},"content":{"rendered":"<p style=\"text-align: center;\"><span style=\"font-size: 20px;\">O Sindesv-DF tem uma \u00e1rea de lazer\u00a0<em><strong>somente para o<\/strong><\/em>\u00a0<em><strong>Vigilante filiado ao Sindicato\u00a0e seus dependentes<\/strong><\/em>, com sal\u00e3o de festas, churrasqueiras, piscinas para adultos e crian\u00e7as.<\/span><\/p>\n<h4 style=\"text-align: center;\"><span style=\"color: #336991; font-size: 18pt;\"><strong>Como chegar \u00e0 sua\u00a0\u00c1rea de Lazer<\/strong><\/span><\/h4>\n<p style=\"text-align: center;\"><a href=\"http:\/\/sindesvdf.com.br\/news\/wp-content\/uploads\/2014\/04\/MapaClube.png\" target=\"_blank\" rel=\"noopener noreferrer\"><img loading=\"lazy\" decoding=\"async\" class=\"wp-image-5424 size-full\" src=\"http:\/\/sindesvdf.com.br\/news\/wp-content\/uploads\/2014\/04\/MapaClube.png\" alt=\"\" width=\"1523\" height=\"969\" srcset=\"https:\/\/sindesvdf.com.br\/news\/wp-content\/uploads\/2014\/04\/MapaClube.png 1523w, https:\/\/sindesvdf.com.br\/news\/wp-content\/uploads\/2014\/04\/MapaClube-300x191.png 300w, https:\/\/sindesvdf.com.br\/news\/wp-content\/uploads\/2014\/04\/MapaClube-768x489.png 768w, https:\/\/sindesvdf.com.br\/news\/wp-content\/uploads\/2014\/04\/MapaClube-790x503.png 790w\" sizes=\"auto, (max-width: 1523px) 100vw, 1523px\" \/><\/a><br \/>\n<em><span style=\"font-size: 14pt;\"><strong>Trajeto mais curto entre o Plano Piloto e\u00a0a \u00c1rea de Lazer<\/strong><br \/>\n<strong>Rota:\u00a0DF-290, 6039 &#8211; Gama, Bras\u00edlia &#8211; DF<\/strong><\/span><\/em><\/p>\n<hr \/>\n<h4 style=\"text-align: center;\"><span style=\"font-size: 18pt;\"><strong>Dias e hor\u00e1rio de funcionamento:<\/strong><\/span><br \/>\n<span style=\"font-size: 18pt;\"><strong>S\u00e1bado e Domingo<\/strong><\/span><br \/>\n<span style=\"font-size: 18pt;\"><strong>de 8h \u00e0s 17h<\/strong><\/span><\/h4>\n<p>&nbsp;<\/p>\n<hr \/>\n<h4 style=\"text-align: center;\"><span style=\"font-size: 18pt;\"><strong>Regras para o bom funcionamento da \u00c1rea de Lazer:<\/strong><\/span><\/h4>\n<ul>\n<li><span style=\"font-size: 14pt;\">A \u00c1rea de Lazer \u00e9 para o uso exclusivo do\/da Vigilante, seus dependentes (esposa\/marido, filhos, pai e m\u00e3e).<\/span><\/li>\n<li><span style=\"font-size: 14pt;\">Por motivo de seguran\u00e7a n\u00e3o \u00e9 mais permitida a entrada de convidados;<\/span><\/li>\n<li><span style=\"font-size: 14pt;\">Proibida a entrada de animais dom\u00e9sticos na \u00e1rea de lazer;<\/span><\/li>\n<li><span style=\"font-size: 14pt;\">Proibida a entrada de comida e bebida na \u00e1rea da piscina;<\/span><\/li>\n<li><span style=\"font-size: 14pt;\">Para utilizar o sal\u00e3o de festas e churrasqueiras, procurar a secretaria da \u00c1rea de Lazer.<\/span><\/li>\n<\/ul>\n<p>&nbsp;<\/p>\n<hr \/>\n<p style=\"text-align: center;\"><span style=\"color: #ff0000;\"><strong>SindesvDF<\/strong> <\/span>&#8211; <em>Sempre Vigilante em Defesa da Categoria<\/em><\/p>\n<p class=\"wpf_wrapper\"><a class=\"print_link\" href=\"\" target=\"_blank\">Preparar para impress\u00e3o<\/a><\/p><!-- .wpf_wrapper -->","protected":false},"excerpt":{"rendered":"<p>O Sindesv-DF tem uma \u00e1rea de lazer\u00a0somente para o\u00a0Vigilante filiado ao Sindicato\u00a0e seus dependentes, com sal\u00e3o de festas, churrasqueiras, piscinas&hellip; <\/p>\n","protected":false},"author":1,"featured_media":0,"parent":0,"menu_order":0,"comment_status":"closed","ping_status":"closed","template":"","meta":{"footnotes":""},"class_list":["post-109","page","type-page","status-publish","hentry"],"_links":{"self":[{"href":"https:\/\/sindesvdf.com.br\/news\/wp-json\/wp\/v2\/pages\/109","targetHints":{"allow":["GET"]}}],"collection":[{"href":"https:\/\/sindesvdf.com.br\/news\/wp-json\/wp\/v2\/pages"}],"about":[{"href":"https:\/\/sindesvdf.com.br\/news\/wp-json\/wp\/v2\/types\/page"}],"author":[{"embeddable":true,"href":"https:\/\/sindesvdf.com.br\/news\/wp-json\/wp\/v2\/users\/1"}],"replies":[{"embeddable":true,"href":"https:\/\/sindesvdf.com.br\/news\/wp-json\/wp\/v2\/comments?post=109"}],"version-history":[{"count":54,"href":"https:\/\/sindesvdf.com.br\/news\/wp-json\/wp\/v2\/pages\/109\/revisions"}],"predecessor-version":[{"id":16085,"href":"https:\/\/sindesvdf.com.br\/news\/wp-json\/wp\/v2\/pages\/109\/revisions\/16085"}],"wp:attachment":[{"href":"https:\/\/sindesvdf.com.br\/news\/wp-json\/wp\/v2\/media?parent=109"}],"curies":[{"name":"wp","href":"https:\/\/api.w.org\/{rel}","templated":true}]}}