{"id":11023,"date":"2018-05-23T16:01:11","date_gmt":"2018-05-23T19:01:11","guid":{"rendered":"http:\/\/sindesvdf.com.br\/news\/?page_id=11023"},"modified":"2025-09-24T16:52:15","modified_gmt":"2025-09-24T19:52:15","slug":"parcerias-na-area-de-educacao-3","status":"publish","type":"page","link":"https:\/\/sindesvdf.com.br\/news\/parcerias-na-area-de-educacao-3\/","title":{"rendered":"Parcerias com Col\u00e9gios e Cursos"},"content":{"rendered":"<p><img loading=\"lazy\" decoding=\"async\" class=\"size-large wp-image-10976 aligncenter\" src=\"http:\/\/sindesvdf.com.br\/news\/wp-content\/uploads\/2018\/05\/cursos-01-790x133.png\" alt=\"\" width=\"790\" height=\"133\" srcset=\"https:\/\/sindesvdf.com.br\/news\/wp-content\/uploads\/2018\/05\/cursos-01-790x133.png 790w, https:\/\/sindesvdf.com.br\/news\/wp-content\/uploads\/2018\/05\/cursos-01-300x50.png 300w, https:\/\/sindesvdf.com.br\/news\/wp-content\/uploads\/2018\/05\/cursos-01-768x129.png 768w, https:\/\/sindesvdf.com.br\/news\/wp-content\/uploads\/2018\/05\/cursos-01-150x25.png 150w, https:\/\/sindesvdf.com.br\/news\/wp-content\/uploads\/2018\/05\/cursos-01-250x42.png 250w\" sizes=\"auto, (max-width: 790px) 100vw, 790px\" \/><\/p>\n<hr \/>\n<p>&nbsp;<\/p>\n<p style=\"text-align: center;\"><span style=\"font-size: 18pt;\"><strong>COOPLEM \u2013 L\u00ednguas Estrangeiras Modernas<\/strong><\/span><\/p>\n<p style=\"text-align: center;\"><a href=\"http:\/\/www.cooplemidiomas.com.br\/\"><img loading=\"lazy\" decoding=\"async\" class=\"aligncenter wp-image-10806\" src=\"http:\/\/sindesvdf.com.br\/news\/wp-content\/uploads\/2018\/05\/Logo-Cooplem2.png\" alt=\"\" width=\"500\" height=\"295\" srcset=\"https:\/\/sindesvdf.com.br\/news\/wp-content\/uploads\/2018\/05\/Logo-Cooplem2.png 600w, https:\/\/sindesvdf.com.br\/news\/wp-content\/uploads\/2018\/05\/Logo-Cooplem2-300x177.png 300w, https:\/\/sindesvdf.com.br\/news\/wp-content\/uploads\/2018\/05\/Logo-Cooplem2-150x89.png 150w, https:\/\/sindesvdf.com.br\/news\/wp-content\/uploads\/2018\/05\/Logo-Cooplem2-250x148.png 250w\" sizes=\"auto, (max-width: 500px) 100vw, 500px\" \/>cooplemidiomas.com.br<\/a><\/p>\n<p><span style=\"color: #800000; font-size: 14pt;\"><strong>Descontos especiais para associados e dependentes:<\/strong><\/span><\/p>\n<p><span style=\"font-size: 14pt;\"><img loading=\"lazy\" decoding=\"async\" class=\"size-large wp-image-10808 aligncenter\" src=\"http:\/\/sindesvdf.com.br\/news\/wp-content\/uploads\/2018\/05\/SINDESVDF_2240X1280px-790x451.png\" alt=\"\" width=\"790\" height=\"451\" srcset=\"https:\/\/sindesvdf.com.br\/news\/wp-content\/uploads\/2018\/05\/SINDESVDF_2240X1280px-790x451.png 790w, https:\/\/sindesvdf.com.br\/news\/wp-content\/uploads\/2018\/05\/SINDESVDF_2240X1280px-300x171.png 300w, https:\/\/sindesvdf.com.br\/news\/wp-content\/uploads\/2018\/05\/SINDESVDF_2240X1280px-768x439.png 768w, https:\/\/sindesvdf.com.br\/news\/wp-content\/uploads\/2018\/05\/SINDESVDF_2240X1280px-150x86.png 150w, https:\/\/sindesvdf.com.br\/news\/wp-content\/uploads\/2018\/05\/SINDESVDF_2240X1280px-250x143.png 250w\" sizes=\"auto, (max-width: 790px) 100vw, 790px\" \/><\/span><\/p>\n<p><span style=\"font-size: 14pt;\"><strong>Central de Atendimento:\u00a0(61) 3355-6087<\/strong><\/span><\/p>\n<p style=\"text-align: center;\"><span style=\"color: #ff0000; font-size: 14pt;\"><strong><em>Para efetuar a matr\u00edcula\u00a0PEGAR AUTORIZA\u00c7\u00c3O NO SINDICATO<\/em><\/strong><\/span><\/p>\n<hr \/>\n<p style=\"text-align: center;\"><span style=\"font-size: 18pt;\"><strong>Escola Franciscana F\u00c1TIMA \u2013 Ber\u00e7\u00e1rio ao Ensino M\u00e9dio<\/strong><\/span><\/p>\n<p style=\"text-align: center;\"><a href=\"http:\/\/www.escolafatima.g12.br\/portal\/portal\/index.php\" target=\"_blank\" rel=\"noopener noreferrer\"><img loading=\"lazy\" decoding=\"async\" class=\"aligncenter wp-image-5401\" src=\"http:\/\/sindesvdf.com.br\/news\/wp-content\/uploads\/2014\/05\/logo_fatima-e1453815640251.png\" alt=\"logo_fatima\" width=\"220\" height=\"84\" \/><\/a><span style=\"font-size: 14pt;\"><a href=\"http:\/\/www.escolafatima.g12.br\/portal\/portal\/index.php\" target=\"_blank\" rel=\"noopener noreferrer\">escolafatima.g12.br<\/a><\/span><\/p>\n<p><span style=\"font-size: 14pt;\">Ber\u00e7\u00e1rio (a partir dos quatro meses), Educa\u00e7\u00e3o Infantil (a partir de 1 ano e 2 meses &#8211; com turno integral), Ensino Fundamental\u00a0 (1\u00ba ao 5\u00ba ano e 6\u00ba ao 9\u00ba ano \u2013 matutino e ou integral) e Ensino M\u00e9dio (matutino) &#8211; com <strong>descontos de 15<\/strong><strong>% <\/strong>para o Vigilante filiado ao Sindicato e seus dependentes.<\/span><\/p>\n<p><span style=\"font-size: 14pt;\"><strong>Asa Sul<br \/>\n(61) 3442-8670<br \/>\n<\/strong>SGAS 906, Bloco &#8220;F&#8221;\u00a0&#8211;\u00a0Avenida W5<\/span><\/p>\n<p style=\"text-align: center;\"><span style=\"color: #ff0000; font-size: 14pt;\"><strong><em>Para efetuar a matr\u00edcula\u00a0PEGAR AUTORIZA\u00c7\u00c3O NO SINDICATO e apresentar juntamente com a CARTEIRINHA na secretaria da Escola<\/em><\/strong><\/span><\/p>\n<hr \/>\n<p style=\"text-align: center;\"><span style=\"font-size: 18pt;\"><strong>Col\u00e9gio BI\u00c2NGULO \u2013 Ber\u00e7\u00e1rio ao Ensino M\u00e9dio<\/strong><\/span><\/p>\n<p><img loading=\"lazy\" decoding=\"async\" class=\"size-medium wp-image-12242 aligncenter\" src=\"http:\/\/sindesvdf.com.br\/news\/wp-content\/uploads\/2019\/02\/Col\u00e9gio-Biangulo_logo-jpeg-300x201.jpg\" alt=\"\" width=\"300\" height=\"201\" srcset=\"https:\/\/sindesvdf.com.br\/news\/wp-content\/uploads\/2019\/02\/Col\u00e9gio-Biangulo_logo-jpeg-300x201.jpg 300w, https:\/\/sindesvdf.com.br\/news\/wp-content\/uploads\/2019\/02\/Col\u00e9gio-Biangulo_logo-jpeg-768x514.jpg 768w, https:\/\/sindesvdf.com.br\/news\/wp-content\/uploads\/2019\/02\/Col\u00e9gio-Biangulo_logo-jpeg-790x528.jpg 790w, https:\/\/sindesvdf.com.br\/news\/wp-content\/uploads\/2019\/02\/Col\u00e9gio-Biangulo_logo-jpeg-150x100.jpg 150w, https:\/\/sindesvdf.com.br\/news\/wp-content\/uploads\/2019\/02\/Col\u00e9gio-Biangulo_logo-jpeg-224x150.jpg 224w, https:\/\/sindesvdf.com.br\/news\/wp-content\/uploads\/2019\/02\/Col\u00e9gio-Biangulo_logo-jpeg-272x182.jpg 272w\" sizes=\"auto, (max-width: 300px) 100vw, 300px\" \/><\/p>\n<p style=\"text-align: center;\"><a href=\"https:\/\/colegiobiangulo.com.br\/educacao-infantil\/?gclid=Cj0KCQiAheXiBRD-ARIsAODSpWNtakSaFMJr4nLSAJTwNvD8sFEL_23Kw6TKrNriVg8KmzVnKi2FiY8aAnkiEALw_wcB\">colegiobiangulo.com.br\u00a0<\/a><\/p>\n<p>&nbsp;<\/p>\n<p><span style=\"font-size: 14pt;\">A Rede Bi\u00e2ngulo \u00e9 uma institui\u00e7\u00e3o de ensino com 30 anos no mercado, consolida sua tradi\u00e7\u00e3o de educa\u00e7\u00e3o em turno integral e semi-integral para alunos do ber\u00e7\u00e1rio ao 7\u00b0 ano, Ensino infantil, Ensino fundamental I e II e Ensino M\u00e9dio Regular \u2013 com <strong>descontos de 40% nas mensalidades<\/strong> para o Vigilante filiado ao Sindicato e seus dependentes.<\/span><\/p>\n<p><span style=\"font-size: 14pt;\"><strong>Novidade:<\/strong> oferece <strong>50% de desconto<\/strong>\u00a0na primeira mensalidade (<strong>Desconto v\u00e1lido apenas para a primeira mensalidade de 2026<\/strong>)\u00a0<\/span><\/p>\n<p><span style=\"font-size: 14pt;\">O Col\u00e9gio Bi\u00e2ngulo consolida sua tradi\u00e7\u00e3o de educa\u00e7\u00e3o no per\u00edodo integral e semi-integral para alunos <strong>do ber\u00e7\u00e1rio ao 7\u00b0 ano<\/strong> e no per\u00edodo regular para Educa\u00e7\u00e3o <strong>Infantil, Ensino Fundamental I e II e Ensino M\u00e9dio<\/strong>. Fornecendo um ambiente seguro, acolhedor, afetivo e com constru\u00e7\u00f5es significativas para nossa comunidade escolar.<\/span><\/p>\n<p><span style=\"font-size: 14pt;\">A Rede possui <strong>nove unidades <\/strong>distribu\u00eddas nas cidades de <strong>Taguatinga,<\/strong> \u00a0<strong>\u00c1guas Claras<\/strong>,<strong>\u00a0Guar\u00e1<\/strong>,\u00a0 <strong>Asa Norte<\/strong>,\u00a0 <strong>Sobradinho,\u00a0 <\/strong><strong>Vicente Pires <\/strong>e em<strong> Samambaia Sul.<\/strong><\/span><\/p>\n<p><span style=\"font-size: 14pt;\"><strong>Telefone: <\/strong><strong>(61) 3475-2121<\/strong><\/span><\/p>\n<p><img loading=\"lazy\" decoding=\"async\" class=\"aligncenter size-large wp-image-17860\" src=\"https:\/\/sindesvdf.com.br\/news\/wp-content\/uploads\/2025\/09\/Arte-Para-o-Instagram-576x1024.jpg\" alt=\"\" width=\"576\" height=\"1024\" srcset=\"https:\/\/sindesvdf.com.br\/news\/wp-content\/uploads\/2025\/09\/Arte-Para-o-Instagram-576x1024.jpg 576w, https:\/\/sindesvdf.com.br\/news\/wp-content\/uploads\/2025\/09\/Arte-Para-o-Instagram-169x300.jpg 169w, https:\/\/sindesvdf.com.br\/news\/wp-content\/uploads\/2025\/09\/Arte-Para-o-Instagram-768x1365.jpg 768w, https:\/\/sindesvdf.com.br\/news\/wp-content\/uploads\/2025\/09\/Arte-Para-o-Instagram-864x1536.jpg 864w, https:\/\/sindesvdf.com.br\/news\/wp-content\/uploads\/2025\/09\/Arte-Para-o-Instagram.jpg 900w\" sizes=\"auto, (max-width: 576px) 100vw, 576px\" \/><\/p>\n<p><img loading=\"lazy\" decoding=\"async\" class=\"aligncenter size-large wp-image-17861\" src=\"https:\/\/sindesvdf.com.br\/news\/wp-content\/uploads\/2025\/09\/BIANGULO-2-725x1024.jpg\" alt=\"\" width=\"725\" height=\"1024\" srcset=\"https:\/\/sindesvdf.com.br\/news\/wp-content\/uploads\/2025\/09\/BIANGULO-2-725x1024.jpg 725w, https:\/\/sindesvdf.com.br\/news\/wp-content\/uploads\/2025\/09\/BIANGULO-2-212x300.jpg 212w, https:\/\/sindesvdf.com.br\/news\/wp-content\/uploads\/2025\/09\/BIANGULO-2-768x1085.jpg 768w, https:\/\/sindesvdf.com.br\/news\/wp-content\/uploads\/2025\/09\/BIANGULO-2-1087x1536.jpg 1087w, https:\/\/sindesvdf.com.br\/news\/wp-content\/uploads\/2025\/09\/BIANGULO-2.jpg 1241w\" sizes=\"auto, (max-width: 725px) 100vw, 725px\" \/><\/p>\n<p>&nbsp;<\/p>\n<p>&nbsp;<\/p>\n<p style=\"text-align: center;\"><span style=\"color: #ff0000; font-size: 14pt;\"><strong><em>Para efetuar a matr\u00edcula\u00a0PEGAR AUTORIZA\u00c7\u00c3O NO SINDICATO<\/em><\/strong><\/span><\/p>\n<hr \/>\n<p style=\"text-align: center;\"><span style=\"font-size: 18pt;\"><strong>GRAN CURSOS Online \u2013 Cursos para Concursos<\/strong><\/span><\/p>\n<p style=\"text-align: center;\"><a href=\"https:\/\/www.grancursosonline.com.br\/\" target=\"_blank\" rel=\"noopener noreferrer\"><img loading=\"lazy\" decoding=\"async\" class=\"aligncenter wp-image-10292 size-medium\" src=\"http:\/\/sindesvdf.com.br\/news\/wp-content\/uploads\/2018\/04\/Gran-Cursos-3x1-300x100.png\" alt=\"\" width=\"300\" height=\"100\" srcset=\"https:\/\/sindesvdf.com.br\/news\/wp-content\/uploads\/2018\/04\/Gran-Cursos-3x1-300x100.png 300w, https:\/\/sindesvdf.com.br\/news\/wp-content\/uploads\/2018\/04\/Gran-Cursos-3x1-150x50.png 150w, https:\/\/sindesvdf.com.br\/news\/wp-content\/uploads\/2018\/04\/Gran-Cursos-3x1-250x83.png 250w, https:\/\/sindesvdf.com.br\/news\/wp-content\/uploads\/2018\/04\/Gran-Cursos-3x1.png 660w\" sizes=\"auto, (max-width: 300px) 100vw, 300px\" \/><\/a><a href=\"https:\/\/www.grancursosonline.com.br\/\" target=\"_blank\" rel=\"noopener noreferrer\">grancursosonline.com.br<\/a><\/p>\n<p><a href=\"http:\/\/sindesvdf.com.br\/news\/?page_id=842\" target=\"_blank\" rel=\"noopener noreferrer\"><img loading=\"lazy\" decoding=\"async\" class=\"aligncenter wp-image-10296\" src=\"http:\/\/sindesvdf.com.br\/news\/wp-content\/uploads\/2018\/04\/quadrado1-790x790.png\" alt=\"\" width=\"500\" height=\"500\" srcset=\"https:\/\/sindesvdf.com.br\/news\/wp-content\/uploads\/2018\/04\/quadrado1-790x790.png 790w, https:\/\/sindesvdf.com.br\/news\/wp-content\/uploads\/2018\/04\/quadrado1-150x150.png 150w, https:\/\/sindesvdf.com.br\/news\/wp-content\/uploads\/2018\/04\/quadrado1-300x300.png 300w, https:\/\/sindesvdf.com.br\/news\/wp-content\/uploads\/2018\/04\/quadrado1-768x768.png 768w, https:\/\/sindesvdf.com.br\/news\/wp-content\/uploads\/2018\/04\/quadrado1.png 2000w\" sizes=\"auto, (max-width: 500px) 100vw, 500px\" \/><\/a><\/p>\n<p><span style=\"font-size: 14pt;\"><strong>Descontos de 30%<\/strong> em todos os cursos <em>(* exceto na modalidade Assinatura Ilimitada)<\/em>.<\/span><br \/>\n<span style=\"font-size: 14pt;\"> Milhares de cursos preparat\u00f3rios voltados para a carreira dos seus sonhos!<\/span><\/p>\n<p><span style=\"font-size: 16pt;\"><a href=\"https:\/\/www.grancursosonline.com.br\/cursos\/estado\/distrito-federal-df\" target=\"_blank\" rel=\"noopener noreferrer\"><strong>Cursos para concursos no DF<br \/>\n<\/strong><\/a><a href=\"https:\/\/www.grancursosonline.com.br\/cursos\/estado\/goias-go\" target=\"_blank\" rel=\"noopener noreferrer\"><strong>Cursos para concursos no Goi\u00e1s<\/strong><\/a><\/span><\/p>\n<p style=\"text-align: center;\"><span style=\"color: #993300; font-size: 14pt;\"><strong>Fa\u00e7a j\u00e1 sua matr\u00edcula!<\/strong><\/span><\/p>\n<p><span style=\"font-size: 14pt;\"><strong>Central de Relacionamento<br \/>\n<\/strong>Capitais e regi\u00f5es metropolitanas:\u00a0<strong class=\"phone hidden-xs\">4007 2501\u00a0<\/strong>&#8211;\u00a0seg a sex (exceto feriados) das 8h \u00e0s 20h<\/span><br \/>\n<span style=\"font-size: 14pt;\">Demais localidades:\u00a0<strong class=\"phone hidden-xs\">0800 607 2500\u00a0<\/strong>&#8211;\u00a0seg a sex (exceto feriados) das 8h \u00e0s 20h<br \/>\nWhatsapp: <strong>(61)\u00a099933-9600<\/strong> |\u00a0<strong>99652-4817<\/strong> &#8211; seg a sex (exceto feriados) das 8h \u00e0s 20h<\/span><\/p>\n<p style=\"text-align: center;\"><span style=\"font-size: 16px;\"><strong style=\"color: #ff0000; text-align: center;\"><span style=\"font-size: 18px;\"><em><strong>PARA OBTER O DESCONTO, ENTRAR EM CONTATO COM A CENTRAL DE RELACIONAMENTO\u00a0E SE IDENTIFICAR COMO FILIADO NO SINDESV-DF<\/strong><\/em><\/span><\/strong><\/span><\/p>\n<hr \/>\n<p style=\"text-align: center;\"><span style=\"font-size: 18pt;\"><strong>Faculdade e Col\u00e9gio MAU\u00c1<\/strong><\/span><\/p>\n<p style=\"text-align: center;\"><a href=\"http:\/\/www.mauadf.com.br\" target=\"_blank\" rel=\"noopener noreferrer\"><img loading=\"lazy\" decoding=\"async\" class=\"size-full wp-image-4844 aligncenter\" src=\"http:\/\/sindesvdf.com.br\/news\/wp-content\/uploads\/2014\/05\/logo_mauadf.png\" alt=\"logo_mauadf\" width=\"340\" height=\"85\" srcset=\"https:\/\/sindesvdf.com.br\/news\/wp-content\/uploads\/2014\/05\/logo_mauadf.png 340w, https:\/\/sindesvdf.com.br\/news\/wp-content\/uploads\/2014\/05\/logo_mauadf-300x75.png 300w, https:\/\/sindesvdf.com.br\/news\/wp-content\/uploads\/2014\/05\/logo_mauadf-80x20.png 80w, https:\/\/sindesvdf.com.br\/news\/wp-content\/uploads\/2014\/05\/logo_mauadf-150x38.png 150w\" sizes=\"auto, (max-width: 340px) 100vw, 340px\" \/>mauadf.com.br<\/a><\/p>\n<p><span style=\"font-size: 14pt;\"><strong>Isen\u00e7\u00e3o de M<span style=\"color: #000000;\">atr\u00edcula e 1\u00aa Mensalidade<\/span><\/strong><span style=\"color: #000000;\">, al\u00e9m de<strong>\u00a0d<\/strong><strong>escontos de 30% (noturno)<\/strong> e<strong> 40% (matutino)<\/strong> nos cursos de \u00a0Administra\u00e7\u00e3o, Artes Visuais, Contabilidade, Direito, Educa\u00e7\u00e3o F\u00edsica <em>(licenciatura ou\u00a0bacharelado)<\/em>, Enfermagem, Engenharia Civil, Gastronomia, Gest\u00e3o Ambiental, Gest\u00e3o P\u00fablica, Letras, Log\u00edstica, Nutri\u00e7\u00e3o, Pedagogia, Psicologia,\u00a0Recursos Humanos, Sistema da Informa\u00e7\u00e3o e Teologia para o Vigilante filiado ao Sindicato e seus dependentes.<\/span><\/span><\/p>\n<p style=\"text-align: left;\"><span style=\"font-size: 14pt;\"><strong><span style=\"color: #333399;\"><em>Central de Atendimento<\/em><\/span><\/strong><span style=\"color: #333399;\"><em> &#8211;<\/em><\/span><strong><span style=\"color: #333399;\"><em>\u00a0(61)\u00a03046-3252<\/em><\/span><\/strong><\/span><\/p>\n<p><span style=\"font-size: 14pt;\"><strong><span style=\"color: #333399;\"><em>Campi e Col\u00e9gios<\/em><\/span><\/strong><\/span><\/p>\n<p><span style=\"font-size: 14pt;\"><strong>Vicente Pires<\/strong><\/span><br \/>\n<span style=\"font-size: 14pt;\">Rua 4C, chacara 12, Col\u00f4nia Agr\u00edcola Vicente Pires<\/span><\/p>\n<p><span style=\"font-size: 14pt;\"><strong>Taguatinga<br \/>\n<\/strong>Avenida Comercial Norte, CNB 03, lotes 05\/06<strong><br \/>\n<\/strong><\/span><\/p>\n<p><span style=\"font-size: 14pt;\"><strong>\u00c1guas Lindas-GO<\/strong><\/span><br \/>\n<span style=\"font-size: 14pt;\">Terceira\u00a0Avenida, 374 &#8211; Mans\u00f5es Village<\/span><\/p>\n<p><span style=\"font-size: 14pt;\"><strong>Gama<\/strong><\/span><br \/>\n<span style=\"font-size: 14pt;\">\u00c1rea Especial 2, Pra\u00e7a 2 &#8211; Setor Leste (Ao lado da Igreja S\u00e3o Sebasti\u00e3o)<\/span><\/p>\n<p style=\"text-align: center;\"><span style=\"font-size: 14pt;\"><span style=\"color: #ff0000;\"><strong><em>Para efetuar a matr\u00edcula\u00a0PEGAR AUTORIZA\u00c7\u00c3O NO SINDICATO\u00a0<\/em><\/strong><\/span><em><span style=\"color: #ff0000;\"><strong>e dirigir-se primeiramente \u00e0 Sala\u00a0PROJETO MAIS UM da Faculdade<\/strong>.<\/span><\/em><\/span><\/p>\n<hr \/>\n<p style=\"text-align: center;\"><span style=\"font-size: 18pt;\"><strong>Col\u00e9gio MDC \u2013 Supletivo, EJA-EaD, CTST<\/strong><\/span><\/p>\n<p style=\"text-align: center;\"><a href=\"http:\/\/www.colegiomdc.com.br\/\" target=\"_blank\" rel=\"noopener noreferrer\"><img loading=\"lazy\" decoding=\"async\" class=\"size-full wp-image-4783 aligncenter\" src=\"http:\/\/sindesvdf.com.br\/news\/wp-content\/uploads\/2014\/07\/MDC.png\" alt=\"MDC\" width=\"245\" height=\"139\" srcset=\"https:\/\/sindesvdf.com.br\/news\/wp-content\/uploads\/2014\/07\/MDC.png 245w, https:\/\/sindesvdf.com.br\/news\/wp-content\/uploads\/2014\/07\/MDC-80x45.png 80w, https:\/\/sindesvdf.com.br\/news\/wp-content\/uploads\/2014\/07\/MDC-150x85.png 150w\" sizes=\"auto, (max-width: 245px) 100vw, 245px\" \/>colegiomdc.com.br<\/a><\/p>\n<p style=\"text-align: left;\"><span style=\"color: #800000; font-size: 14pt;\"><strong>Descontos especiais para associados e dependentes:<br \/>\n<\/strong><\/span><\/p>\n<p><span style=\"font-size: 14pt;\"><strong>Samambaia Norte<br \/>\nTelefone: <\/strong>(61) 3976-3181<strong><br \/>\nWhatsapp: <\/strong>(61) 98141-8061<strong><br \/>\n<\/strong>QI 416 Conjunto M Lotes 2\u00a0e\u00a03 Loja 3 &#8220;A&#8221;<em> (pr\u00f3ximo ao HSAM)<\/em><\/span><\/p>\n<p style=\"text-align: left;\"><span style=\"color: #800000; font-size: 14pt;\"><strong>\u00a0<\/strong><\/span><img loading=\"lazy\" decoding=\"async\" class=\"aligncenter size-large wp-image-17302\" src=\"https:\/\/sindesvdf.com.br\/news\/wp-content\/uploads\/2024\/11\/mdc-01-724x1024.jpeg\" alt=\"\" width=\"724\" height=\"1024\" srcset=\"https:\/\/sindesvdf.com.br\/news\/wp-content\/uploads\/2024\/11\/mdc-01-724x1024.jpeg 724w, https:\/\/sindesvdf.com.br\/news\/wp-content\/uploads\/2024\/11\/mdc-01-212x300.jpeg 212w, https:\/\/sindesvdf.com.br\/news\/wp-content\/uploads\/2024\/11\/mdc-01-768x1086.jpeg 768w, https:\/\/sindesvdf.com.br\/news\/wp-content\/uploads\/2024\/11\/mdc-01-1086x1536.jpeg 1086w, https:\/\/sindesvdf.com.br\/news\/wp-content\/uploads\/2024\/11\/mdc-01.jpeg 1131w\" sizes=\"auto, (max-width: 724px) 100vw, 724px\" \/> <img loading=\"lazy\" decoding=\"async\" class=\"aligncenter size-large wp-image-17303\" src=\"https:\/\/sindesvdf.com.br\/news\/wp-content\/uploads\/2024\/11\/mdc-02-724x1024.jpeg\" alt=\"\" width=\"724\" height=\"1024\" srcset=\"https:\/\/sindesvdf.com.br\/news\/wp-content\/uploads\/2024\/11\/mdc-02-724x1024.jpeg 724w, https:\/\/sindesvdf.com.br\/news\/wp-content\/uploads\/2024\/11\/mdc-02-212x300.jpeg 212w, https:\/\/sindesvdf.com.br\/news\/wp-content\/uploads\/2024\/11\/mdc-02-768x1086.jpeg 768w, https:\/\/sindesvdf.com.br\/news\/wp-content\/uploads\/2024\/11\/mdc-02-1086x1536.jpeg 1086w, https:\/\/sindesvdf.com.br\/news\/wp-content\/uploads\/2024\/11\/mdc-02.jpeg 1131w\" sizes=\"auto, (max-width: 724px) 100vw, 724px\" \/> <img loading=\"lazy\" decoding=\"async\" class=\"aligncenter size-large wp-image-17304\" src=\"https:\/\/sindesvdf.com.br\/news\/wp-content\/uploads\/2024\/11\/mdc-03.jpeg\" alt=\"\" width=\"507\" height=\"749\" srcset=\"https:\/\/sindesvdf.com.br\/news\/wp-content\/uploads\/2024\/11\/mdc-03.jpeg 507w, https:\/\/sindesvdf.com.br\/news\/wp-content\/uploads\/2024\/11\/mdc-03-203x300.jpeg 203w\" sizes=\"auto, (max-width: 507px) 100vw, 507px\" \/><\/p>\n<p>&nbsp;<\/p>\n<p style=\"text-align: center;\"><span style=\"color: #993300;\"><strong><span style=\"font-size: 18px;\">Fa\u00e7a j\u00e1 sua matr\u00edcula!<\/span><\/strong><\/span><\/p>\n<p>&nbsp;<\/p>\n<p style=\"text-align: center;\"><span style=\"font-size: 14pt;\"><strong style=\"color: #ff0000; text-align: center;\"><em><strong>PEGAR AUTORIZA\u00c7\u00c3O NO SINDICATO<\/strong><\/em><\/strong><\/span><\/p>\n<p>&nbsp;<\/p>\n<hr \/>\n<p>&nbsp;<\/p>\n<p>&nbsp;<\/p>\n<p>&nbsp;<\/p>\n<p>&nbsp;<\/p>\n<p style=\"text-align: center;\"><span style=\"color: #ff0000;\"><strong>SindesvDF<\/strong> <\/span>&#8211; <em>Sempre Vigilante em Defesa da Categoria<\/em><\/p>\n<p>&nbsp;<\/p>\n<p class=\"wpf_wrapper\"><a class=\"print_link\" href=\"\" target=\"_blank\">Preparar para impress\u00e3o<\/a><\/p><!-- .wpf_wrapper -->","protected":false},"excerpt":{"rendered":"<p>&nbsp; COOPLEM \u2013 L\u00ednguas Estrangeiras Modernas cooplemidiomas.com.br Descontos especiais para associados e dependentes: Central de Atendimento:\u00a0(61) 3355-6087 Para efetuar a&hellip; <\/p>\n","protected":false},"author":1,"featured_media":0,"parent":0,"menu_order":0,"comment_status":"closed","ping_status":"closed","template":"","meta":{"footnotes":""},"class_list":["post-11023","page","type-page","status-publish","hentry"],"_links":{"self":[{"href":"https:\/\/sindesvdf.com.br\/news\/wp-json\/wp\/v2\/pages\/11023","targetHints":{"allow":["GET"]}}],"collection":[{"href":"https:\/\/sindesvdf.com.br\/news\/wp-json\/wp\/v2\/pages"}],"about":[{"href":"https:\/\/sindesvdf.com.br\/news\/wp-json\/wp\/v2\/types\/page"}],"author":[{"embeddable":true,"href":"https:\/\/sindesvdf.com.br\/news\/wp-json\/wp\/v2\/users\/1"}],"replies":[{"embeddable":true,"href":"https:\/\/sindesvdf.com.br\/news\/wp-json\/wp\/v2\/comments?post=11023"}],"version-history":[{"count":39,"href":"https:\/\/sindesvdf.com.br\/news\/wp-json\/wp\/v2\/pages\/11023\/revisions"}],"predecessor-version":[{"id":17863,"href":"https:\/\/sindesvdf.com.br\/news\/wp-json\/wp\/v2\/pages\/11023\/revisions\/17863"}],"wp:attachment":[{"href":"https:\/\/sindesvdf.com.br\/news\/wp-json\/wp\/v2\/media?parent=11023"}],"curies":[{"name":"wp","href":"https:\/\/api.w.org\/{rel}","templated":true}]}}