{"id":178,"date":"2014-04-15T10:55:50","date_gmt":"2014-04-15T13:55:50","guid":{"rendered":"http:\/\/sindesvdf.com.br\/news\/?page_id=178"},"modified":"2015-06-12T10:22:14","modified_gmt":"2015-06-12T13:22:14","slug":"o-sindicato-2","status":"publish","type":"page","link":"https:\/\/sindesvdf.com.br\/news\/o-sindicato-2\/","title":{"rendered":"O Sindicato"},"content":{"rendered":"<h2 style=\"text-align: center;\"><\/h2>\n<h2><strong><span style=\"color: #333399;\"><a href=\"http:\/\/sindesvdf.com.br\/news\/wp-content\/uploads\/2015\/01\/index-10-e1434115210701.jpg\"><img loading=\"lazy\" decoding=\"async\" class=\"aligncenter wp-image-3860 size-full\" src=\"http:\/\/sindesvdf.com.br\/news\/wp-content\/uploads\/2015\/01\/index-10-e1434115210701.jpg\" alt=\"\" width=\"788\" height=\"337\" srcset=\"https:\/\/sindesvdf.com.br\/news\/wp-content\/uploads\/2015\/01\/index-10-e1434115210701.jpg 788w, https:\/\/sindesvdf.com.br\/news\/wp-content\/uploads\/2015\/01\/index-10-e1434115210701-300x128.jpg 300w, https:\/\/sindesvdf.com.br\/news\/wp-content\/uploads\/2015\/01\/index-10-e1434115210701-80x34.jpg 80w, https:\/\/sindesvdf.com.br\/news\/wp-content\/uploads\/2015\/01\/index-10-e1434115210701-150x64.jpg 150w\" sizes=\"auto, (max-width: 788px) 100vw, 788px\" \/><\/a>O Sindicato<\/span><\/strong><\/h2>\n<p>O Sindicato dos Empregados em Empresas de Seguran\u00e7a e Vigil\u00e2ncia do Distrito Federal ou apenas Sindicato dos Vigilantes do Distrito Federal (SINDESV-DF) foi fundado em 1986 para ser um instrumento de organiza\u00e7\u00e3o e de mobiliza\u00e7\u00e3o da categoria na luta por seus direitos e desde o in\u00edcio vem praticando um sindicalismo classista, apostando na luta direta dos trabalhadores, na independ\u00eancia do movimento sindical e n\u00e3o aceitando nenhum tipo de conchavo ou negociata com os patr\u00f5es.<\/p>\n<p>Al\u00e9m disso, o SINDESV-DF est\u00e1 inserido na comunidade do Distrito Federal por meio de v\u00e1rios programas, projetos e a\u00e7\u00f5es, que integram nossos filiados, familiares e funcion\u00e1rios.<\/p>\n<p>Para desenvolver essas atividades, o SINDESV-DF promove uma grande variedade de parcerias com organiza\u00e7\u00f5es p\u00fablicas e privadas e conta com a\u00e7\u00f5es nos campos de benef\u00edcios jur\u00eddicos (trabalhista, previdenci\u00e1rio e criminal), alfabetiza\u00e7\u00e3o de jovens e adultos, apoio pedag\u00f3gico na forma\u00e7\u00e3o escolar, atendimento psicol\u00f3gico e odontol\u00f3gico individual, al\u00e9m de manter conv\u00eanios com institui\u00e7\u00f5es de ensino, hospitais e cl\u00ednicas. Um dos destaques desse trabalho tem sido a qualifica\u00e7\u00e3o profissional dos Vigilantes do Distrito Federal nas \u00e1reas de inform\u00e1tica, conhecimento pol\u00edtico e conjuntura nacional.<\/p>\n<p class=\"wpf_wrapper\"><a class=\"print_link\" href=\"\" target=\"_blank\">Preparar para impress\u00e3o<\/a><\/p><!-- .wpf_wrapper -->","protected":false},"excerpt":{"rendered":"<p>O Sindicato O Sindicato dos Empregados em Empresas de Seguran\u00e7a e Vigil\u00e2ncia do Distrito Federal ou apenas Sindicato dos Vigilantes&hellip; <\/p>\n","protected":false},"author":1,"featured_media":0,"parent":0,"menu_order":0,"comment_status":"closed","ping_status":"closed","template":"","meta":{"footnotes":""},"class_list":["post-178","page","type-page","status-publish","hentry"],"_links":{"self":[{"href":"https:\/\/sindesvdf.com.br\/news\/wp-json\/wp\/v2\/pages\/178","targetHints":{"allow":["GET"]}}],"collection":[{"href":"https:\/\/sindesvdf.com.br\/news\/wp-json\/wp\/v2\/pages"}],"about":[{"href":"https:\/\/sindesvdf.com.br\/news\/wp-json\/wp\/v2\/types\/page"}],"author":[{"embeddable":true,"href":"https:\/\/sindesvdf.com.br\/news\/wp-json\/wp\/v2\/users\/1"}],"replies":[{"embeddable":true,"href":"https:\/\/sindesvdf.com.br\/news\/wp-json\/wp\/v2\/comments?post=178"}],"version-history":[{"count":15,"href":"https:\/\/sindesvdf.com.br\/news\/wp-json\/wp\/v2\/pages\/178\/revisions"}],"predecessor-version":[{"id":4373,"href":"https:\/\/sindesvdf.com.br\/news\/wp-json\/wp\/v2\/pages\/178\/revisions\/4373"}],"wp:attachment":[{"href":"https:\/\/sindesvdf.com.br\/news\/wp-json\/wp\/v2\/media?parent=178"}],"curies":[{"name":"wp","href":"https:\/\/api.w.org\/{rel}","templated":true}]}}