{"id":3585,"date":"2014-11-19T10:44:43","date_gmt":"2014-11-19T12:44:43","guid":{"rendered":"http:\/\/sindesvdf.com.br\/news\/?page_id=3585"},"modified":"2025-04-23T09:02:07","modified_gmt":"2025-04-23T12:02:07","slug":"delegados-sindicais","status":"publish","type":"page","link":"https:\/\/sindesvdf.com.br\/news\/delegados-sindicais\/","title":{"rendered":"Delegados Sindicais"},"content":{"rendered":"<h1 style=\"text-align: left;\"><span style=\"color: #003366; font-size: 24pt;\"><strong>Delegados Sindicais<\/strong><\/span><\/h1>\n<p>&nbsp;<\/p>\n<table style=\"width: 73.7825%; height: 1521px;\" width=\"436\">\n<tbody>\n<tr style=\"background-color: #c4e6fe;\">\n<td style=\"width: 40.8363%; height: 22px; border-color: #000000; background-color: #7cc9e6;\" width=\"162\"><span style=\"font-size: 12pt;\">AC<\/span><\/td>\n<td style=\"width: 151.58%; height: 22px; border-color: #000000; background-color: #7cc9e6;\" width=\"274\"><span style=\"font-size: 12pt;\">Welington Ricarte Inoue<\/span><\/td>\n<\/tr>\n<tr style=\"height: 45px;\">\n<td style=\"width: 40.8363%; height: 45px;\" width=\"162\"><span style=\"font-size: 12pt;\">AGIL<\/span><\/td>\n<td style=\"width: 151.58%; height: 45px;\" width=\"274\"><span style=\"font-size: 12pt;\">Lourival Batista da Silva Junior<br \/>\n<strong>SUPLENTE: <\/strong>Lenivaldo Rodrigues de Santana<br \/>\n<\/span><\/td>\n<\/tr>\n<tr style=\"height: 23px;\">\n<td style=\"width: 40.8363%; height: 23px; background-color: #7cc9e6;\" width=\"162\"><span style=\"font-size: 12pt;\">AVAL<\/span><\/td>\n<td style=\"width: 151.58%; height: 23px; background-color: #7cc9e6;\" width=\"274\"><span style=\"font-size: 12pt;\">Robson da Silva Souza<\/span><\/td>\n<\/tr>\n<tr style=\"height: 23px;\">\n<td style=\"width: 40.8363%; height: 23px;\" width=\"162\"><span style=\"font-size: 12pt;\">BRASFORT<\/span><\/td>\n<td style=\"width: 151.58%; height: 23px;\" width=\"274\"><span style=\"font-size: 12pt;\">Elialdo Rodrigues de Sousa<br \/>\n<strong>SUPLENTE: <\/strong>Edjailson da Silva<br \/>\n<\/span><\/td>\n<\/tr>\n<tr style=\"height: 23px;\">\n<td style=\"width: 40.8363%; height: 23px; background-color: #7cc9e6;\" width=\"162\"><span style=\"font-size: 12pt;\">BRAS\u00cdLIA<\/span><\/td>\n<td style=\"width: 151.58%; height: 23px; background-color: #7cc9e6;\" width=\"274\"><span style=\"font-size: 12pt;\">Alexandre Jocemar da Rosa Ferreira<br \/>\n<strong>SUPLENTE: <\/strong>Edson Le\u00f4nidas Lucindo<br \/>\n<\/span><\/td>\n<\/tr>\n<tr style=\"height: 23px;\">\n<td style=\"width: 40.8363%; height: 23px;\" width=\"162\"><span style=\"font-size: 12pt;\">CENTURI\u00c3O<\/span><\/td>\n<td style=\"width: 151.58%; height: 23px;\" width=\"274\"><span style=\"font-size: 12pt;\">Janilson Setubal Ventura Pereira<\/span><\/td>\n<\/tr>\n<tr style=\"height: 23px;\">\n<td style=\"width: 40.8363%; height: 23px; background-color: #7cc9e6;\"><span style=\"font-size: 12pt;\">CINCO ESTRELAS<\/span><\/td>\n<td style=\"width: 151.58%; height: 23px; background-color: #7cc9e6;\"><span style=\"font-size: 12pt;\">Francisco Rodrigues de Carvalho<\/span><\/td>\n<\/tr>\n<tr style=\"height: 23px;\">\n<td style=\"width: 40.8363%; height: 23px;\" width=\"162\"><span style=\"font-size: 12pt;\">CITY SERVICE<\/span><\/td>\n<td style=\"width: 151.58%; height: 23px;\" width=\"274\"><span style=\"font-size: 12pt;\">H\u00e9lio Neiva Bezerra Neto<\/span><\/td>\n<\/tr>\n<tr style=\"height: 23px;\">\n<td style=\"width: 40.8363%; height: 23px; background-color: #7cc9e6;\" width=\"162\"><span style=\"font-size: 12pt;\">CONFEDERAL<\/span><\/td>\n<td style=\"width: 151.58%; height: 23px; background-color: #7cc9e6;\" width=\"274\"><span style=\"font-size: 12pt;\">Evaldo Carvalho Correia<\/span><\/td>\n<\/tr>\n<tr style=\"height: 23px;\">\n<td style=\"width: 40.8363%; height: 23px;\" width=\"162\"><span style=\"font-size: 12pt;\">EAGLE<\/span><\/td>\n<td style=\"width: 151.58%; height: 23px;\" width=\"274\"><span style=\"font-size: 12pt;\">Wellington de Oliveira Sousa<\/span><\/td>\n<\/tr>\n<tr style=\"height: 23px;\">\n<td style=\"width: 40.8363%; height: 23px; background-color: #7cc9e6;\" width=\"162\"><span style=\"font-size: 12pt;\">ESPARTA<\/span><\/td>\n<td style=\"width: 151.58%; height: 23px; background-color: #7cc9e6;\" width=\"274\"><span style=\"font-size: 12pt;\">Luiz Gonzaga de Anchieta<\/span><\/td>\n<\/tr>\n<tr style=\"height: 23px;\">\n<td style=\"width: 40.8363%; height: 23px;\"><span style=\"font-size: 12pt;\">ESSENCIAL<\/span><\/td>\n<td style=\"width: 151.58%; height: 23px;\"><span style=\"font-size: 12pt;\">Roberto de Sousa Silva<\/span><\/td>\n<\/tr>\n<tr style=\"height: 23px;\">\n<td style=\"width: 40.8363%; height: 23px; background-color: #7cc9e6;\" width=\"162\"><span style=\"font-size: 12pt;\">EURO SEGURAN\u00c7A<\/span><\/td>\n<td style=\"width: 151.58%; height: 23px; background-color: #7cc9e6;\" width=\"274\"><span style=\"font-size: 12pt;\">Idelmar Francisco de Sousa Oliveira<\/span><br \/>\n<span style=\"font-size: 12pt;\"><strong>SUPLENTE: <\/strong>Divino Lima Dias<\/span><\/td>\n<\/tr>\n<tr style=\"height: 23px;\">\n<td style=\"width: 40.8363%; height: 23px;\"><span style=\"font-size: 12pt;\">GI<\/span><\/td>\n<td style=\"width: 151.58%; height: 23px;\"><span style=\"font-size: 12pt;\">Elexandra Moura Acelino e Campelo<\/span><br \/>\n<span style=\"font-size: 12pt;\"><strong>SUPLENTE: <\/strong>Ricardo Padua Viana<br \/>\n<strong>SUPLENTE: <\/strong>Ros\u00e2ngela Ara\u00fajo de Souza<br \/>\n<strong>SUPLENTE: <\/strong>Maria Arlani Silva Santos<\/span><\/td>\n<\/tr>\n<tr style=\"height: 23px;\">\n<td style=\"width: 40.8363%; height: 23px; background-color: #7cc9e6;\" width=\"162\"><span style=\"font-size: 12pt;\">GLOBAL<\/span><\/td>\n<td style=\"width: 151.58%; height: 23px; background-color: #7cc9e6;\" width=\"274\"><span style=\"font-size: 12pt;\">Eduardo de Ara\u00fajo Carvalho<br \/>\n<strong>SUPLENTE: <\/strong>Lucas Antonio de Morais<br \/>\n<strong>SUPLENTE: <\/strong>Ren\u00ea Ara\u00fajo de Souza<\/span><\/td>\n<\/tr>\n<tr style=\"height: 23px;\">\n<td style=\"width: 40.8363%; height: 23px;\"><span style=\"font-size: 12pt;\">GRABER<\/span><\/td>\n<td style=\"width: 151.58%; height: 23px;\"><span style=\"font-size: 12pt;\">Waldir Alves da Costa<\/span><\/td>\n<\/tr>\n<tr style=\"height: 23px;\">\n<td style=\"width: 40.8363%; height: 23px; background-color: #7cc9e6;\"><span style=\"font-size: 12pt;\">GRIFFO<\/span><\/td>\n<td style=\"width: 151.58%; height: 23px; background-color: #7cc9e6;\"><span style=\"font-size: 12pt;\">Fernando Alves de Sousa<\/span><\/td>\n<\/tr>\n<tr style=\"height: 23px;\">\n<td style=\"width: 40.8363%; height: 23px;\" width=\"162\"><span style=\"font-size: 12pt;\">IPANEMA<\/span><\/td>\n<td style=\"width: 151.58%; height: 23px;\" width=\"274\"><span style=\"font-size: 12pt;\">Alex Lemos Mendon\u00e7a<\/span><\/td>\n<\/tr>\n<tr style=\"height: 23px;\">\n<td style=\"width: 40.8363%; height: 23px; background-color: #7cc9e6;\" width=\"162\"><span style=\"font-size: 12pt;\">JRAIO<\/span><\/td>\n<td style=\"width: 151.58%; height: 23px; background-color: #7cc9e6;\" width=\"274\"><span style=\"font-size: 12pt;\">Sidney de Oliveira Saraiva<\/span><\/td>\n<\/tr>\n<tr style=\"height: 23px;\">\n<td style=\"width: 40.8363%; height: 23px;\" width=\"162\"><span style=\"font-size: 12pt;\">LIFE DEFENSE<\/span><\/td>\n<td style=\"width: 151.58%; height: 23px;\" width=\"274\"><span style=\"font-size: 12pt;\">Claudio Ribeiro da Silva<\/span><\/td>\n<\/tr>\n<tr style=\"height: 23px;\">\n<td style=\"width: 40.8363%; height: 23px; background-color: #7cc9e6;\" width=\"162\"><span style=\"font-size: 12pt;\">MULTSERV<\/span><\/td>\n<td style=\"width: 151.58%; height: 23px; background-color: #7cc9e6;\" width=\"274\"><span style=\"font-size: 12pt;\">Gleice Nogueira da Silva<\/span><\/td>\n<\/tr>\n<tr style=\"height: 23px;\">\n<td style=\"width: 40.8363%; height: 23px;\" width=\"162\"><span style=\"font-size: 12pt;\">M5 SEGURAN\u00c7A<\/span><\/td>\n<td style=\"width: 151.58%; height: 23px;\" width=\"274\"><span style=\"font-size: 12pt;\">Renilson Almeida<\/span><\/td>\n<\/tr>\n<tr style=\"height: 23px;\">\n<td style=\"width: 40.8363%; height: 23px; background-color: #7cc9e6;\" width=\"162\"><span style=\"font-size: 12pt;\">PARTNER<\/span><\/td>\n<td style=\"width: 151.58%; height: 23px; background-color: #7cc9e6;\" width=\"274\"><span style=\"font-size: 12pt;\">Geovane Ferreira de Jesus<\/span><\/td>\n<\/tr>\n<tr style=\"height: 23px;\">\n<td style=\"width: 40.8363%; height: 23px;\" width=\"162\"><span style=\"font-size: 12pt;\">PROTEGE<\/span><\/td>\n<td style=\"width: 151.58%; height: 23px;\" width=\"274\"><span style=\"font-size: 12pt;\">Gildelson Brand\u00e3o Pessoa<\/span><\/td>\n<\/tr>\n<tr style=\"height: 23px;\">\n<td style=\"width: 40.8363%; height: 23px; background-color: #7cc9e6;\" width=\"162\"><span style=\"font-size: 12pt;\">RG<\/span><\/td>\n<td style=\"width: 151.58%; height: 23px; background-color: #7cc9e6;\" width=\"274\"><span style=\"font-size: 12pt;\">Edenilson Pereira Teixeira<\/span><\/td>\n<\/tr>\n<tr style=\"height: 23px;\">\n<td style=\"width: 40.8363%; height: 23px;\" width=\"162\"><span style=\"font-size: 12pt;\">SEFIX<\/span><\/td>\n<td style=\"width: 151.58%; height: 23px;\" width=\"274\"><span style=\"font-size: 12pt;\">Rita de Cassia Alves Lemes<br \/>\n<\/span><span style=\"font-size: 12pt;\"><strong>SUPLENTE:<\/strong>Aderaldo Pereira Dias<br \/>\n<strong>SUPLENTE: <\/strong>Z\u00e9lia Alves Nunes<\/span><\/td>\n<\/tr>\n<tr style=\"height: 23px;\">\n<td style=\"width: 40.8363%; height: 23px; background-color: #7cc9e6;\" width=\"162\"><span style=\"font-size: 12pt;\">SEGURPRO<\/span><\/td>\n<td style=\"width: 151.58%; height: 23px; background-color: #7cc9e6;\" width=\"274\"><span style=\"font-size: 12pt;\">Nemeilson Fernandes Lobo Souza<\/span><\/td>\n<\/tr>\n<tr style=\"height: 23px;\">\n<td style=\"width: 40.8363%; height: 23px;\" width=\"162\"><span style=\"font-size: 12pt;\">SOBERANA<\/span><\/td>\n<td style=\"width: 151.58%; height: 23px;\" width=\"274\"><span style=\"font-size: 12pt;\">Ivan Osterno do Nascimento<\/span><\/td>\n<\/tr>\n<tr style=\"height: 23px;\">\n<td style=\"width: 40.8363%; height: 23px; background-color: #7cc9e6;\"><span style=\"font-size: 12pt;\">SOLIDA<\/span><\/td>\n<td style=\"width: 151.58%; height: 23px; background-color: #7cc9e6;\"><span style=\"font-size: 12pt;\">Wagner Robson Alves dos Santos<\/span><\/td>\n<\/tr>\n<tr style=\"height: 23px;\">\n<td style=\"width: 40.8363%; height: 23px;\" width=\"162\"><span style=\"font-size: 12pt;\">SOLLO<\/span><\/td>\n<td style=\"width: 151.58%; height: 23px;\" width=\"274\"><span style=\"font-size: 12pt;\">Valdemar Gon\u00e7alves da Silva<\/span><\/td>\n<\/tr>\n<tr style=\"height: 23px;\">\n<td style=\"width: 40.8363%; height: 23px; background-color: #7cc9e6;\" width=\"162\"><span style=\"font-size: 12pt;\">VERTICAL<\/span><\/td>\n<td style=\"width: 151.58%; height: 23px; background-color: #7cc9e6;\" width=\"274\"><span style=\"font-size: 12pt;\">Marcos C\u00edcero Silva da Concei\u00e7\u00e3o<\/span><\/td>\n<\/tr>\n<tr style=\"height: 23px;\">\n<td style=\"width: 40.8363%; height: 23px;\" width=\"162\"><span style=\"font-size: 12pt;\">VIPPIM<\/span><\/td>\n<td style=\"width: 151.58%; height: 23px;\" width=\"274\"><span style=\"font-size: 12pt;\">Edivar Pereira de Aniceto<\/span><\/td>\n<\/tr>\n<tr style=\"height: 23px;\">\n<td style=\"width: 40.8363%; height: 23px; background-color: #7cc9e6;\" width=\"162\"><span style=\"font-size: 12pt;\">VISAN<\/span><\/td>\n<td style=\"width: 151.58%; height: 23px; background-color: #7cc9e6;\" width=\"274\"><span style=\"font-size: 12pt;\">Antonio Carlos de Ara\u00fajo Costa<\/span><\/td>\n<\/tr>\n<tr style=\"height: 23px;\">\n<td style=\"width: 40.8363%; height: 23px;\" width=\"162\"><span style=\"font-size: 12pt;\">WGA QUALIXX<\/span><\/td>\n<td style=\"width: 151.58%; height: 23px;\" width=\"274\"><span style=\"font-size: 12pt;\">Francisco Paulo de Jesus<\/span><\/td>\n<\/tr>\n<\/tbody>\n<\/table>\n<p style=\"text-align: right;\"><span style=\"font-size: 12pt;\">rintfriendly]<\/span><\/p>\n<p class=\"wpf_wrapper\"><a class=\"print_link\" href=\"\" target=\"_blank\">Preparar para impress\u00e3o<\/a><\/p><!-- .wpf_wrapper -->","protected":false},"excerpt":{"rendered":"<p>Delegados Sindicais &nbsp; AC Welington Ricarte Inoue AGIL Lourival Batista da Silva Junior SUPLENTE: Lenivaldo Rodrigues de Santana AVAL Robson&hellip; <\/p>\n","protected":false},"author":1,"featured_media":0,"parent":0,"menu_order":0,"comment_status":"closed","ping_status":"closed","template":"","meta":{"footnotes":""},"class_list":["post-3585","page","type-page","status-publish","hentry"],"_links":{"self":[{"href":"https:\/\/sindesvdf.com.br\/news\/wp-json\/wp\/v2\/pages\/3585","targetHints":{"allow":["GET"]}}],"collection":[{"href":"https:\/\/sindesvdf.com.br\/news\/wp-json\/wp\/v2\/pages"}],"about":[{"href":"https:\/\/sindesvdf.com.br\/news\/wp-json\/wp\/v2\/types\/page"}],"author":[{"embeddable":true,"href":"https:\/\/sindesvdf.com.br\/news\/wp-json\/wp\/v2\/users\/1"}],"replies":[{"embeddable":true,"href":"https:\/\/sindesvdf.com.br\/news\/wp-json\/wp\/v2\/comments?post=3585"}],"version-history":[{"count":15,"href":"https:\/\/sindesvdf.com.br\/news\/wp-json\/wp\/v2\/pages\/3585\/revisions"}],"predecessor-version":[{"id":17636,"href":"https:\/\/sindesvdf.com.br\/news\/wp-json\/wp\/v2\/pages\/3585\/revisions\/17636"}],"wp:attachment":[{"href":"https:\/\/sindesvdf.com.br\/news\/wp-json\/wp\/v2\/media?parent=3585"}],"curies":[{"name":"wp","href":"https:\/\/api.w.org\/{rel}","templated":true}]}}