{"id":4318,"date":"2015-05-26T15:15:25","date_gmt":"2015-05-26T18:15:25","guid":{"rendered":"http:\/\/sindesvdf.com.br\/news\/?page_id=4318"},"modified":"2024-06-11T13:21:53","modified_gmt":"2024-06-11T16:21:53","slug":"filie-se-ao-sindicato-dos-vigilantes-do-df","status":"publish","type":"page","link":"https:\/\/sindesvdf.com.br\/news\/filie-se-ao-sindicato-dos-vigilantes-do-df\/","title":{"rendered":"Filie-se\u00a0ao Sindicato dos Vigilantes do\u00a0DF"},"content":{"rendered":"<table>\n<tbody>\n<tr>\n<td colspan=\"2\" width=\"713\">\n<h2 class=\"documentFirstHeading\" style=\"text-align: center;\"><strong>Filie-se ao Sindicato dos Vigilantes do DF<\/strong><\/h2>\n<h3 id=\"parent-fieldname-title\" class=\"documentFirstHeading\" style=\"text-align: center;\"><span style=\"font-size: 20px;\"><strong>Apesar de n\u00e3o ser obrigat\u00f3ria, a filia\u00e7\u00e3o \u00e9 um direito do Vigilante e um verdadeiro exerc\u00edcio de cidadania<\/strong><\/span><\/h3>\n<p style=\"text-align: left;\"><span style=\"font-size: 14pt;\">O Sindicato dos Vigilantes do Distrito Federal (SINDESV-DF) \u00e9 o leg\u00edtimo representante dos Vigilantes junto\u00a0ao Minist\u00e9rio do Trabalho e Emprego, \u00e0 Secretaria Regional do Trabalho e Emprego, aos tomadores de servi\u00e7o e \u00e0s empresas de vigil\u00e2ncia e seguran\u00e7a do DF\u00a0para\u00a0lutar pela manuten\u00e7\u00e3o dos nossos direitos j\u00e1 conquistados e para ampli\u00e1-los. Filiar-se significa participar de a\u00e7\u00f5es que valorizam nossa categoria.<\/span><\/p>\n<p><span style=\"font-size: 14pt;\">Cada um dos avan\u00e7os alcan\u00e7ados pelos Vigilantes foram fruto de intensa mobiliza\u00e7\u00e3o coletiva. Foi dessa maneira que o SINDESV-DF s\u00f3 ou junto com outros sindicatos e organiza\u00e7\u00f5es trabalhistas, fez hist\u00f3ria e trouxe para nossa categoria muitas das principais conquistas trabalhistas como o vale-refei\u00e7\u00e3o, o vale-transporte, o 13\u00ba sal\u00e1rio, a jornada espec\u00edfica, a intra-jornada, o adicional noturno, o adicional do risco de vida, entre tantos outros.<\/span><\/p>\n<p><span style=\"font-size: 14pt;\">Mas, para que o SINDESV-DF continue forte e tenha mais poder, \u00e9 necess\u00e1rio que um n\u00famero crescente de Vigilantes se filiem, assumindo tamb\u00e9m o papel de sustentar e apoiar essa luta. A uni\u00e3o no Sindicato torna a luta coesa e mais f\u00e1cil. Cada Vigilante \u00e9 o elo de uma corrente constru\u00edda fraternalmente, segundo os interesses de nossa categoria.<\/span><\/td>\n<\/tr>\n<tr>\n<td width=\"357\">\n<h3 style=\"text-align: center;\"><span style=\"font-size: 15pt;\"><strong>Veja abaixo algumas boas raz\u00f5es para se filiar ao SINDESV-DF:<\/strong><\/span><\/h3>\n<ul style=\"list-style-type: disc;\">\n<li><span style=\"font-size: 14pt;\">o SINDESV-DF luta por condi\u00e7\u00f5es dignas de trabalho e pela amplia\u00e7\u00e3o do mercado de trabalho;<\/span><br \/>\n<hr \/>\n<\/li>\n<li><span style=\"font-size: 14pt;\">o SINDESV-DF negocia as reivindica\u00e7\u00f5es dos Vigilantes junto \u00e0s empresas de vigil\u00e2ncia e seguran\u00e7a,\u00a0\u00f3rg\u00e3os p\u00fablicos e luta, na esfera do poder p\u00fablico, pela aprova\u00e7\u00e3o de projetos de lei que beneficiem nossa categoria;<\/span><br \/>\n<hr \/>\n<\/li>\n<li><span style=\"font-size: 14pt;\">o SINDESV-DF negocia duramente para que o Vigilante tenha os melhores reajustes sobre o sal\u00e1rio, t\u00edquete e todas as outras cl\u00e1usulas da Conven\u00e7\u00e3o Coletiva de Trabalho que envolvam valores monet\u00e1rios.<\/span><\/li>\n<\/ul>\n<ul>\n<li>\n<hr \/>\n<p><span style=\"font-size: 14pt;\">o Vigilante filiado ao SINDESV-DF tem direito garantido e gratuito de assist\u00eancia jur\u00eddica, seja individual ou coletiva, com os melhores advogados de direitos trabalhista, criminal e previdenci\u00e1rio;<\/span><\/li>\n<\/ul>\n<\/td>\n<td style=\"width: 357px; vertical-align: top;\" width=\"357\"><img loading=\"lazy\" decoding=\"async\" class=\"aligncenter wp-image-743\" src=\"http:\/\/sindesvdf.com.br\/news\/wp-content\/uploads\/2014\/04\/sindesvdf_filie-se2.jpg\" alt=\"sindesvdf_filie-se2\" width=\"309\" height=\"429\" srcset=\"https:\/\/sindesvdf.com.br\/news\/wp-content\/uploads\/2014\/04\/sindesvdf_filie-se2.jpg 300w, https:\/\/sindesvdf.com.br\/news\/wp-content\/uploads\/2014\/04\/sindesvdf_filie-se2-107x150.jpg 107w\" sizes=\"auto, (max-width: 309px) 100vw, 309px\" \/><\/p>\n<ul style=\"list-style-type: disc;\">\n<li>\n<hr \/>\n<p><span style=\"font-size: 14pt;\">o Vigilante filiado ao SINDESV-DF tem direito a descontos em diversas institui\u00e7\u00f5es de <strong><a href=\"https:\/\/sindesvdf.com.br\/news\/?page_id=11023\">ensino<\/a><\/strong>, <strong><a href=\"https:\/\/sindesvdf.com.br\/news\/?page_id=10902\">faculdades<\/a><\/strong>, <strong><a href=\"https:\/\/sindesvdf.com.br\/news\/?page_id=11028\">sa\u00fade<\/a><\/strong> e outras, com as quais o SINDESV-DF mant\u00e9m conv\u00eanio;<\/span><\/li>\n<\/ul>\n<\/td>\n<\/tr>\n<tr>\n<td colspan=\"2\" width=\"713\">\n<hr \/>\n<h4 style=\"text-align: center;\">Para filiar-se basta comparecer \u00e0 Sede do Sindicato no<\/h4>\n<h4 style=\"text-align: center;\"><span style=\"color: #000000;\"><strong>SDS &#8211; Edif\u00edcio Ven\u00e2ncio IV, Loja 74 (Conic), Bras\u00edlia-DF &#8211; CEP: 70.393-900<\/strong><\/span><\/h4>\n<h4 style=\"text-align: center;\"><span style=\"color: #000000;\">das 7h \u00e0s 17h, de segunda a sexta-feira.<\/span><\/h4>\n<h4 style=\"text-align: center;\"><span style=\"color: #000000;\">Para mais informa\u00e7\u00f5es ligue:<\/span><\/h4>\n<h2 style=\"text-align: center;\"><span style=\"color: #000000;\"><strong>3224-2107 \/ 3224-2259<\/strong><\/span><\/h2>\n<h3 style=\"text-align: center;\"><span style=\"color: #000000; font-size: 20px;\"><strong>E aproveite as vantagens de ser filiado ao Sindicato dos Vigilantes do DF<\/strong><\/span><\/h3>\n<\/td>\n<\/tr>\n<\/tbody>\n<\/table>\n<p class=\"wpf_wrapper\"><a class=\"print_link\" href=\"\" target=\"_blank\">Preparar para impress\u00e3o<\/a><\/p><!-- .wpf_wrapper -->","protected":false},"excerpt":{"rendered":"<p>Filie-se ao Sindicato dos Vigilantes do DF Apesar de n\u00e3o ser obrigat\u00f3ria, a filia\u00e7\u00e3o \u00e9 um direito do Vigilante e&hellip; <\/p>\n","protected":false},"author":1,"featured_media":0,"parent":0,"menu_order":0,"comment_status":"closed","ping_status":"closed","template":"","meta":{"footnotes":""},"class_list":["post-4318","page","type-page","status-publish","hentry"],"_links":{"self":[{"href":"https:\/\/sindesvdf.com.br\/news\/wp-json\/wp\/v2\/pages\/4318","targetHints":{"allow":["GET"]}}],"collection":[{"href":"https:\/\/sindesvdf.com.br\/news\/wp-json\/wp\/v2\/pages"}],"about":[{"href":"https:\/\/sindesvdf.com.br\/news\/wp-json\/wp\/v2\/types\/page"}],"author":[{"embeddable":true,"href":"https:\/\/sindesvdf.com.br\/news\/wp-json\/wp\/v2\/users\/1"}],"replies":[{"embeddable":true,"href":"https:\/\/sindesvdf.com.br\/news\/wp-json\/wp\/v2\/comments?post=4318"}],"version-history":[{"count":11,"href":"https:\/\/sindesvdf.com.br\/news\/wp-json\/wp\/v2\/pages\/4318\/revisions"}],"predecessor-version":[{"id":13457,"href":"https:\/\/sindesvdf.com.br\/news\/wp-json\/wp\/v2\/pages\/4318\/revisions\/13457"}],"wp:attachment":[{"href":"https:\/\/sindesvdf.com.br\/news\/wp-json\/wp\/v2\/media?parent=4318"}],"curies":[{"name":"wp","href":"https:\/\/api.w.org\/{rel}","templated":true}]}}