{"id":4951,"date":"2015-11-13T17:14:38","date_gmt":"2015-11-13T19:14:38","guid":{"rendered":"http:\/\/sindesvdf.com.br\/news\/?page_id=4951"},"modified":"2016-04-08T10:18:28","modified_gmt":"2016-04-08T13:18:28","slug":"fgts-via-sms-2","status":"publish","type":"page","link":"https:\/\/sindesvdf.com.br\/news\/fgts-via-sms-2\/","title":{"rendered":"FGTS via SMS!"},"content":{"rendered":"<h2 style=\"text-align: center;\"><strong><img loading=\"lazy\" decoding=\"async\" class=\" wp-image-4928 aligncenter\" src=\"http:\/\/sindesvdf.com.br\/news\/wp-content\/uploads\/2015\/11\/logo-fgts.png\" alt=\"logo-fgts\" width=\"408\" height=\"129\" srcset=\"https:\/\/sindesvdf.com.br\/news\/wp-content\/uploads\/2015\/11\/logo-fgts.png 300w, https:\/\/sindesvdf.com.br\/news\/wp-content\/uploads\/2015\/11\/logo-fgts-80x25.png 80w, https:\/\/sindesvdf.com.br\/news\/wp-content\/uploads\/2015\/11\/logo-fgts-150x48.png 150w\" sizes=\"auto, (max-width: 408px) 100vw, 408px\" \/><\/strong><\/h2>\n<h2 style=\"text-align: center;\"><strong>Acompanhe seu FGTS pelo celular!<\/strong><\/h2>\n<p><span style=\"font-size: 18px;\">O\u00a0servi\u00e7o SMS \u00e9 <strong>gratuito<\/strong>\u00a0e ap\u00f3s a ades\u00e3o\u00a0voc\u00ea passa a receber\u00a0no seu celular, informa\u00e7\u00f5es referentes ao seu FGTS como:<\/span><\/p>\n<p style=\"padding-left: 60px;\"><span style=\"font-size: 18px;\"><span style=\"font-size: 24px;\"><strong>\u2022<\/strong><\/span> o valor do dep\u00f3sito mensal feito pelo empregador;<br \/>\n<\/span><span style=\"font-size: 18px;\"><span style=\"font-size: 24px;\"><strong>\u2022<\/strong><\/span> o saldo atualizado com juros e atualiza\u00e7\u00f5es monet\u00e1rias e;<br \/>\n<\/span><span style=\"font-size: 18px;\"><span style=\"font-size: 24px;\"><strong>\u2022<\/strong><\/span> quando houver, a libera\u00e7\u00e3o de saque ou ajustes na conta.<\/span><\/p>\n<p><span style=\"font-size: 18px;\">Ao aderir o servi\u00e7o SMS, al\u00e9m das mensagens mensais, voc\u00ea tamb\u00e9m receber\u00e1 um extrato anual do FGTS, com as informa\u00e7\u00f5es consolidadas do ano, via Correios.<\/span><\/p>\n<h3 style=\"text-align: center;\"><span style=\"font-size: 24px;\"><strong>Fazer a ades\u00e3o ao servi\u00e7o SMS\u00a0\u00e9 muito f\u00e1cil!<\/strong><\/span><\/h3>\n<h3 style=\"text-align: center;\"><span style=\"font-size: 20px;\"><em><strong>\u00c9 s\u00f3 acessar um dos seguintes canais:<\/strong><\/em><\/span><\/h3>\n<hr \/>\n<h1 style=\"text-align: center;\"><strong><img loading=\"lazy\" decoding=\"async\" class=\"wp-image-4892 alignright\" src=\"http:\/\/sindesvdf.com.br\/news\/wp-content\/uploads\/2015\/11\/canais-3-e1447429403381.png\" alt=\"\" width=\"133\" height=\"223\" srcset=\"https:\/\/sindesvdf.com.br\/news\/wp-content\/uploads\/2015\/11\/canais-3-e1447429403381.png 104w, https:\/\/sindesvdf.com.br\/news\/wp-content\/uploads\/2015\/11\/canais-3-e1447429403381-48x80.png 48w, https:\/\/sindesvdf.com.br\/news\/wp-content\/uploads\/2015\/11\/canais-3-e1447429403381-90x150.png 90w\" sizes=\"auto, (max-width: 133px) 100vw, 133px\" \/>0800 726 0207<\/strong><\/h1>\n<p><span style=\"font-size: 18px;\">Este \u00e9 o canal mais simples,\u00a0f\u00e1cil e r\u00e1pido de voc\u00ea fazer a ades\u00e3o\u00a0ao servi\u00e7o SMS.<\/span><\/p>\n<p><span style=\"font-size: 18px;\">Basta contatar o Atendimento CAIXA Cidad\u00e3o pelo <span style=\"color: #003366;\"><strong>0800 726 0207 \u00a0&gt; op\u00e7\u00e3o 3 <\/strong>e<strong> &gt; op\u00e7\u00e3o 3<\/strong><\/span> novamente. Quando o atendente perguntar, diga que quer fazer a ades\u00e3o ao servi\u00e7o SMS. Se ele falar para voc\u00ea faz\u00ea-lo pelo site da CAIXA, diga que quer fazer pelo telefone.<\/span><\/p>\n<p><span style=\"font-size: 18px;\">O 0800 da CAIXA funciona 24 horas por dia, 7 dias por semana, a CAIXA atende liga\u00e7\u00f5es gratuitas de telefones fixos ou m\u00f3veis.<\/span><\/p>\n<hr \/>\n<h1 style=\"text-align: center;\"><strong><img loading=\"lazy\" decoding=\"async\" class=\" wp-image-4890 alignright\" src=\"http:\/\/sindesvdf.com.br\/news\/wp-content\/uploads\/2015\/11\/canais-1-e1447434865394.png\" alt=\"canais-1\" width=\"265\" height=\"176\" srcset=\"https:\/\/sindesvdf.com.br\/news\/wp-content\/uploads\/2015\/11\/canais-1-e1447434865394.png 242w, https:\/\/sindesvdf.com.br\/news\/wp-content\/uploads\/2015\/11\/canais-1-e1447434865394-80x53.png 80w, https:\/\/sindesvdf.com.br\/news\/wp-content\/uploads\/2015\/11\/canais-1-e1447434865394-150x100.png 150w\" sizes=\"auto, (max-width: 265px) 100vw, 265px\" \/>Internet<br \/>\n<\/strong><\/h1>\n<p><span style=\"font-size: 18px;\">Este canal \u00e9 mais complicado para fazer a ades\u00e3o, mas se voc\u00ea j\u00e1 est\u00e1 familiarizado com a internet, voc\u00ea tamb\u00e9m pode consultar\u00a0seus extratos de FGTS de forma pr\u00e1tica e segura por meio do site da CAIXA.<\/span><\/p>\n<p><strong><u>OP\u00c7\u00c3O 1:<br \/>\n<\/u>Acesse www.caixa.gov.br &gt; Para trabalhadores &gt; FGTS &gt; Consulte seu FGTS &gt; Preencha com o n\u00b0. do PIS &gt; Cadastrar Senha.<\/strong><br \/>\nSe voc\u00ea j\u00e1 possui senha para o Cart\u00e3o Cidad\u00e3o, basta informar o PIS e sua senha!<br \/>\nPrefere o link direto? Ent\u00e3o <em><a href=\"https:\/\/servicossociais.caixa.gov.br\/internet.do?segmento=CIDADAO01&amp;produto=FGTS\" target=\"_blank\">clique aqui<\/a>.<\/em><\/p>\n<p><em>\u00a0<\/em><strong><u>OP\u00c7\u00c3O 2<\/u><\/strong>:<br \/>\n<strong>Acesse www.fgts.gov.br &gt; Saiba como cadastrar seu celular &gt; Saldo do FGTS via celular\u00a0 &gt; Preencha com o n\u00b0. do PIS &gt; Cadastrar Senha. <\/strong><br \/>\nSe voc\u00ea j\u00e1 possui senha para o Cart\u00e3o Cidad\u00e3o, basta informar o PIS e sua senha!<br \/>\nPrefere o link direto? Ent\u00e3o <em><a href=\"https:\/\/servicossociais.caixa.gov.br\/internet.do?segmento=CIDADAO01&amp;produto=FGTS\" target=\"_blank\">clique aqui<\/a>.<\/em><em>\u00a0<\/em><\/p>\n<p><strong><u>OP\u00c7\u00c3O 3:<br \/>\n<\/u>Internet Banking &gt; Servi\u00e7os ao Cidad\u00e3o &gt; FGTS &gt; Extrato.<\/strong><br \/>\nEssa op\u00e7\u00e3o disponibiliza o extrato FGTS dos \u00faltimos 6 meses.<\/p>\n<hr \/>\n<h1 style=\"text-align: center;\"><strong>Ag\u00eancias CAIXA<\/strong><strong><img loading=\"lazy\" decoding=\"async\" class=\" wp-image-4893 alignright\" src=\"http:\/\/sindesvdf.com.br\/news\/wp-content\/uploads\/2015\/11\/canais-4-e1447436752584.png\" alt=\"canais-4\" width=\"254\" height=\"169\" srcset=\"https:\/\/sindesvdf.com.br\/news\/wp-content\/uploads\/2015\/11\/canais-4-e1447436752584.png 218w, https:\/\/sindesvdf.com.br\/news\/wp-content\/uploads\/2015\/11\/canais-4-e1447436752584-80x53.png 80w, https:\/\/sindesvdf.com.br\/news\/wp-content\/uploads\/2015\/11\/canais-4-e1447436752584-150x100.png 150w\" sizes=\"auto, (max-width: 254px) 100vw, 254px\" \/><\/strong><\/h1>\n<p>Nas mais\u00a03 mil ag\u00eancias CAIXA espalhadas por todo Brasil, voc\u00ea tamb\u00e9m pode:<\/p>\n<p style=\"padding-left: 60px;\"><span style=\"font-size: 20px;\"><strong>\u2022<\/strong><\/span> fazer a ades\u00e3o ao servi\u00e7o SMS;<br \/>\n<span style=\"font-size: 20px;\"><strong>\u2022<\/strong><\/span> realizar servi\u00e7os banc\u00e1rios e;<br \/>\n<span style=\"font-size: 20px;\"><strong>\u2022<\/strong><\/span> receber benef\u00edcios do Governo Federal e;<br \/>\n<span style=\"font-size: 20px;\"><strong>\u2022<\/strong><\/span> realizar todos os outros servi\u00e7os relacionados a FGTS, PIS e Seguro-Desemprego.<\/p>\n<hr \/>\n<h3 style=\"text-align: center;\"><span style=\"color: #86a2c4; font-size: 20px;\"><strong>Viu como \u00e9 f\u00e1cil? E lembre-se: Ap\u00f3s a ades\u00e3o, voc\u00ea pode alterar o n\u00famero do celular, <em>e-mail<\/em> e endere\u00e7o a qualquer momento, por um dos canais acima!<\/strong><\/span><\/h3>\n<p class=\"wpf_wrapper\"><a class=\"print_link\" href=\"\" target=\"_blank\">Preparar para impress\u00e3o<\/a><\/p><!-- .wpf_wrapper -->","protected":false},"excerpt":{"rendered":"<p>Acompanhe seu FGTS pelo celular! O\u00a0servi\u00e7o SMS \u00e9 gratuito\u00a0e ap\u00f3s a ades\u00e3o\u00a0voc\u00ea passa a receber\u00a0no seu celular, informa\u00e7\u00f5es referentes ao&hellip; <\/p>\n","protected":false},"author":1,"featured_media":0,"parent":0,"menu_order":0,"comment_status":"closed","ping_status":"closed","template":"","meta":{"footnotes":""},"class_list":["post-4951","page","type-page","status-publish","hentry"],"_links":{"self":[{"href":"https:\/\/sindesvdf.com.br\/news\/wp-json\/wp\/v2\/pages\/4951","targetHints":{"allow":["GET"]}}],"collection":[{"href":"https:\/\/sindesvdf.com.br\/news\/wp-json\/wp\/v2\/pages"}],"about":[{"href":"https:\/\/sindesvdf.com.br\/news\/wp-json\/wp\/v2\/types\/page"}],"author":[{"embeddable":true,"href":"https:\/\/sindesvdf.com.br\/news\/wp-json\/wp\/v2\/users\/1"}],"replies":[{"embeddable":true,"href":"https:\/\/sindesvdf.com.br\/news\/wp-json\/wp\/v2\/comments?post=4951"}],"version-history":[{"count":3,"href":"https:\/\/sindesvdf.com.br\/news\/wp-json\/wp\/v2\/pages\/4951\/revisions"}],"predecessor-version":[{"id":5836,"href":"https:\/\/sindesvdf.com.br\/news\/wp-json\/wp\/v2\/pages\/4951\/revisions\/5836"}],"wp:attachment":[{"href":"https:\/\/sindesvdf.com.br\/news\/wp-json\/wp\/v2\/media?parent=4951"}],"curies":[{"name":"wp","href":"https:\/\/api.w.org\/{rel}","templated":true}]}}