{"id":8319,"date":"2017-08-23T11:09:58","date_gmt":"2017-08-23T14:09:58","guid":{"rendered":"http:\/\/sindesvdf.com.br\/news\/?page_id=8319"},"modified":"2026-03-11T14:00:40","modified_gmt":"2026-03-11T17:00:40","slug":"rede-credenciada-2-2","status":"publish","type":"page","link":"https:\/\/sindesvdf.com.br\/news\/rede-credenciada-2-2\/","title":{"rendered":"Rede Credenciada"},"content":{"rendered":"<h2 style=\"text-align: center;\"><span style=\"font-size: 18pt; color: #808080;\"><strong>Plano de Sa\u00fade dos Vigilantes do DF<\/strong><\/span><\/h2>\n<p style=\"text-align: left;\"><span style=\"font-size: 20px;\"><em>A\u00a0Rede Credenciada que atende os Vigilantes do DF\u00a0<\/em><em><strong>\u00e9 constantemente atualizada<\/strong> e, por isso, pode sofrer modifica\u00e7\u00f5es com o objetivo de melhor atender as suas necessidades, bem como manter a qualidade dos servi\u00e7os prestados.<\/em><\/span><\/p>\n<p style=\"text-align: center;\"><span style=\"color: #7c7b7b; font-size: 15pt;\"><strong>Encontre os hospitais e cl\u00ednicas credenciados mais pr\u00f3ximos.<\/strong><\/span><\/p>\n<p style=\"text-align: center;\"><img loading=\"lazy\" decoding=\"async\" class=\"alignnone size-full wp-image-18025\" src=\"https:\/\/sindesvdf.com.br\/news\/wp-content\/uploads\/2026\/03\/LOGO-2.png\" alt=\"\" width=\"512\" height=\"193\" srcset=\"https:\/\/sindesvdf.com.br\/news\/wp-content\/uploads\/2026\/03\/LOGO-2.png 512w, https:\/\/sindesvdf.com.br\/news\/wp-content\/uploads\/2026\/03\/LOGO-2-300x113.png 300w\" sizes=\"auto, (max-width: 512px) 100vw, 512px\" \/><\/p>\n<p><span style=\"font-size: 14pt;\"><strong>PRINCIPAIS CREDENCIADOS<\/strong><\/span><\/p>\n<p>&#8211; Hospital Santa Lucia 24h &#8211; Taguatinga Sul \u2013 Areal<\/p>\n<p>&#8211; Hospital Santa Lucia Norte (antigo Pronto Norte) 24h \u2013 Asa Norte<\/p>\n<p>&#8211; Hospital Jardim Bot\u00e2nico &#8211; Jardim Bot\u00e2nico<\/p>\n<p>&#8211; Hospital S\u00e3o Mateus 24h \u2013 Cruzeiro<\/p>\n<p>&#8211; Hospital Pronto Socorro das Fraturas 24h &#8211; Ceil\u00e2ndia<\/p>\n<p>&#8211; Laboratorio Sabin (v\u00e1rias regi\u00f5es)<\/p>\n<p><span style=\"font-size: 14pt;\"><strong>Confira a Rede completa aqui&gt;&gt; <a href=\"https:\/\/facgeounity.facilinformatica.com.br\/\">Rede Credenciada<\/a><\/strong><\/span><\/p>\n<p><span style=\"font-size: 14pt;\">Selecione o seu Plano <strong>Unity Vida \u2013 SV ou Life Vital<\/strong> <strong>\u2013 SV,<\/strong> conforme descrito em sua carteirinha virtual.<\/span><\/p>\n<p>&nbsp;<\/p>\n<ul style=\"list-style-type: disc;\">\n<li><span style=\"font-size: 14pt;\">Os usu\u00e1rios que possuem o <strong>Plano Ambulatorial<\/strong> devem selecionar a op\u00e7\u00e3o<strong> Life Vital &#8211; SV,<\/strong><\/span><\/li>\n<li><span style=\"font-size: 14pt;\">E os usu\u00e1rios que possuem o <strong>Plano Hospitalar<\/strong> devem selecionar a op\u00e7\u00e3o <strong>Unity Vida &#8211; SV<\/strong><\/span><\/li>\n<\/ul>\n<p style=\"text-align: center;\">\n<p class=\"wpf_wrapper\"><a class=\"print_link\" href=\"\" target=\"_blank\">Preparar para impress\u00e3o<\/a><\/p><!-- .wpf_wrapper -->","protected":false},"excerpt":{"rendered":"<p>Plano de Sa\u00fade dos Vigilantes do DF A\u00a0Rede Credenciada que atende os Vigilantes do DF\u00a0\u00e9 constantemente atualizada e, por isso,&hellip; <\/p>\n","protected":false},"author":1,"featured_media":0,"parent":0,"menu_order":0,"comment_status":"closed","ping_status":"closed","template":"","meta":{"footnotes":""},"class_list":["post-8319","page","type-page","status-publish","hentry"],"_links":{"self":[{"href":"https:\/\/sindesvdf.com.br\/news\/wp-json\/wp\/v2\/pages\/8319","targetHints":{"allow":["GET"]}}],"collection":[{"href":"https:\/\/sindesvdf.com.br\/news\/wp-json\/wp\/v2\/pages"}],"about":[{"href":"https:\/\/sindesvdf.com.br\/news\/wp-json\/wp\/v2\/types\/page"}],"author":[{"embeddable":true,"href":"https:\/\/sindesvdf.com.br\/news\/wp-json\/wp\/v2\/users\/1"}],"replies":[{"embeddable":true,"href":"https:\/\/sindesvdf.com.br\/news\/wp-json\/wp\/v2\/comments?post=8319"}],"version-history":[{"count":64,"href":"https:\/\/sindesvdf.com.br\/news\/wp-json\/wp\/v2\/pages\/8319\/revisions"}],"predecessor-version":[{"id":18052,"href":"https:\/\/sindesvdf.com.br\/news\/wp-json\/wp\/v2\/pages\/8319\/revisions\/18052"}],"wp:attachment":[{"href":"https:\/\/sindesvdf.com.br\/news\/wp-json\/wp\/v2\/media?parent=8319"}],"curies":[{"name":"wp","href":"https:\/\/api.w.org\/{rel}","templated":true}]}}