{"id":8806,"date":"2017-11-01T16:08:16","date_gmt":"2017-11-01T18:08:16","guid":{"rendered":"http:\/\/sindesvdf.com.br\/news\/?page_id=8806"},"modified":"2026-03-03T14:39:54","modified_gmt":"2026-03-03T17:39:54","slug":"6638-2-2","status":"publish","type":"page","link":"https:\/\/sindesvdf.com.br\/news\/6638-2-2\/","title":{"rendered":"Plano de Sa\u00fade dos Vigilantes"},"content":{"rendered":"\r\n<figure class=\"aligncenter\"><\/figure>\r\n<p><img loading=\"lazy\" decoding=\"async\" class=\"size-full wp-image-18025 aligncenter\" src=\"https:\/\/sindesvdf.com.br\/news\/wp-content\/uploads\/2026\/03\/LOGO-2.png\" alt=\"\" width=\"512\" height=\"193\" srcset=\"https:\/\/sindesvdf.com.br\/news\/wp-content\/uploads\/2026\/03\/LOGO-2.png 512w, https:\/\/sindesvdf.com.br\/news\/wp-content\/uploads\/2026\/03\/LOGO-2-300x113.png 300w\" sizes=\"auto, (max-width: 512px) 100vw, 512px\" \/><\/p>\r\n<div class=\"wp-block-image\" style=\"text-align: center;\">\r\n<figure class=\"aligncenter\"><span style=\"font-size: 30px; color: #000080;\"><strong>Produto Unity Vida &#8211; SV<\/strong><\/span><\/figure>\r\n<\/div>\r\n<p><span style=\"color: #000080;\">\r\n\r\n<\/span><\/p>\r\n<p style=\"text-align: center;\"><span style=\"font-size: 30px; color: #000080;\"><strong>SINDESV \u2013DF<\/strong><\/span><\/p>\r\n\r\n\r\n\r\n<p><span style=\"font-size: 14pt;\">A Unity Sa\u00fade, o novo plano dos vigilantes atende <strong>URG\u00caNCIA, EMERG\u00caNCIA, INTERNA\u00c7\u00c3O, CIRURGIA, CONSULTAS e EXAMES<\/strong> ao custo de:\u00a0 <strong>R$ 495,00<\/strong> por pessoa, para os vigilantes que possuem o direito ao subs\u00eddio da Conven\u00e7\u00e3o Coletiva de Trabalho (CCT) ter\u00e1 o desconto de R$ 161,87 logo pagar\u00e1<strong> R$ 333,13.\u00a0<\/strong><\/span><\/p>\r\n<p><span style=\"font-size: 14pt;\">Os vigilantes que n\u00e3o possuem o subs\u00eddio, assim como seus dependentes, pagar\u00e3o pelo valor de<strong> R$ 495,00 <\/strong>por pessoa, independentemente de idade, ou seja, de zero a mais de 70 anos, lembrando que hoje uma pessoa acima de 60 anos n\u00e3o encontra um plano de sa\u00fade nesse valor.<\/span><\/p>\r\n\r\n\r\n<hr \/>\r\n<h2 style=\"text-align: center;\"><span style=\"font-size: 18pt;\"><strong style=\"text-align: center;\">Canais de Atendimento<\/strong><\/span><\/h2>\r\n<ul>\r\n<li><span style=\"font-size: 14pt;\"><span style=\"color: #333333;\"><strong>Unity Sa\u00fade: <\/strong><\/span>3020-0320<strong><br \/><br \/><\/strong><\/span><\/li>\r\n<li><span style=\"font-size: 14pt;\"><span style=\"color: #333333;\"><strong>Central de Marca\u00e7\u00e3o de Consultas: <\/strong><\/span><em>Telefone e Whatsapp <\/em>(61) 3020-0320<br \/><br \/><\/span><\/li>\r\n<li><span style=\"color: #333333;\"><strong><span style=\"font-size: 14pt;\">Site:<\/span><\/strong> <\/span><span style=\"font-size: 14pt;\">www.unitysaude.com.br<br \/><br \/><\/span><\/li>\r\n<li><span style=\"font-size: 14pt;\"><span style=\"color: #910f0f;\"><strong><span style=\"color: #333333;\">Posto de atendimento no SINDESV<\/span> <\/strong><\/span>&#8211; (61)\u00a0 3321-3344 \/ 3321-4002\u00a0<br \/><strong>Whatsapp<\/strong>: 3321 &#8211; 4002<br \/><br \/><\/span><span style=\"font-size: 14pt;\"><br \/><\/span><\/li>\r\n<\/ul>\r\n<p>&nbsp;<\/p>\r\n<hr \/>\r\n<h2 style=\"text-align: center;\"><span style=\"font-size: 18pt;\"><strong>Ades\u00e3o<\/strong><\/span><\/h2>\r\n<p style=\"text-align: center;\"><strong style=\"font-size: 20px; text-align: center;\">Documenta\u00e7\u00e3o necess\u00e1ria para ades\u00e3o\u00a0<\/strong><strong style=\"font-size: 20px; text-align: center;\">(C\u00d3PIAS E ORIGINAIS)<\/strong><\/p>\r\n<ul>\r\n<li><span style=\"font-size: 14pt;\"><span style=\"color: #333333;\"><strong>Titular: <\/strong><\/span>RG, CPF, Comprovante Resid\u00eancia, Contra-Cheque\/Carteira de Trabalho (p\u00e1g. da foto, p\u00e1g. qualifica\u00e7\u00e3o civil e p\u00e1g. do contrato de trabalho) carta de filia\u00e7\u00e3o ao SINDESV-DF, Cart\u00e3o Nacional do SUS.<br \/><br \/><\/span><\/li>\r\n<li><span style=\"font-size: 14pt; color: #333333;\"><strong>Dependentes:<\/strong> <\/span>\r\n<ul>\r\n<li><span style=\"font-size: 14pt;\"><em><strong>Esposa\/Marido:<\/strong><\/em> RG, CPF, Certid\u00e3o de Casamento ou Escritura P\u00fablica de Conv\u00edvio Marital (Uni\u00e3o Est\u00e1vel) e Cart\u00e3o Nacional do SUS.<\/span><\/li>\r\n<li><span style=\"font-size: 14pt;\"><strong><em>Filhos menores de 18 anos:<\/em><\/strong> Certid\u00e3o de Nascimento e Cart\u00e3o Nacional do SUS. <\/span><\/li>\r\n<li><span style=\"font-size: 14pt;\"><strong><em>Filhos maiores de 18 anos cursando faculdade at\u00e9 24 anos:<\/em><\/strong> RG, CPF e Cart\u00e3o Nacional do SUS<\/span><\/li>\r\n<\/ul>\r\n<hr \/>\r\n<h2 style=\"text-align: center;\"><span style=\"font-size: 18pt; color: #808080;\"><strong><strong>\u00a0<\/strong><\/strong><\/span><\/h2>\r\n<p style=\"text-align: center;\">\u00a0<\/p>\r\n<\/li>\r\n<\/ul><p class=\"wpf_wrapper\"><a class=\"print_link\" href=\"\" target=\"_blank\">Preparar para impress\u00e3o<\/a><\/p><!-- .wpf_wrapper -->","protected":false},"excerpt":{"rendered":"<p>SINDESV \u2013DF A Unity Sa\u00fade, o novo plano dos vigilantes atende URG\u00caNCIA, EMERG\u00caNCIA, INTERNA\u00c7\u00c3O, CIRURGIA, CONSULTAS e EXAMES ao custo&hellip; <\/p>\n","protected":false},"author":1,"featured_media":0,"parent":0,"menu_order":0,"comment_status":"closed","ping_status":"closed","template":"","meta":{"footnotes":""},"class_list":["post-8806","page","type-page","status-publish","hentry"],"_links":{"self":[{"href":"https:\/\/sindesvdf.com.br\/news\/wp-json\/wp\/v2\/pages\/8806","targetHints":{"allow":["GET"]}}],"collection":[{"href":"https:\/\/sindesvdf.com.br\/news\/wp-json\/wp\/v2\/pages"}],"about":[{"href":"https:\/\/sindesvdf.com.br\/news\/wp-json\/wp\/v2\/types\/page"}],"author":[{"embeddable":true,"href":"https:\/\/sindesvdf.com.br\/news\/wp-json\/wp\/v2\/users\/1"}],"replies":[{"embeddable":true,"href":"https:\/\/sindesvdf.com.br\/news\/wp-json\/wp\/v2\/comments?post=8806"}],"version-history":[{"count":67,"href":"https:\/\/sindesvdf.com.br\/news\/wp-json\/wp\/v2\/pages\/8806\/revisions"}],"predecessor-version":[{"id":18026,"href":"https:\/\/sindesvdf.com.br\/news\/wp-json\/wp\/v2\/pages\/8806\/revisions\/18026"}],"wp:attachment":[{"href":"https:\/\/sindesvdf.com.br\/news\/wp-json\/wp\/v2\/media?parent=8806"}],"curies":[{"name":"wp","href":"https:\/\/api.w.org\/{rel}","templated":true}]}}